{"id":3515,"date":"2023-04-27T14:26:20","date_gmt":"2023-04-27T14:26:20","guid":{"rendered":"https:\/\/behaus.studio\/politica-de-cookies\/"},"modified":"2023-06-21T14:31:09","modified_gmt":"2023-06-21T14:31:09","slug":"politica-de-cookies","status":"publish","type":"page","link":"https:\/\/behaus.studio\/es\/politica-de-cookies\/","title":{"rendered":"Pol\u00edtica de cookies"},"content":{"rendered":"<div class=\"fusion-fullwidth fullwidth-box fusion-builder-row-1 fusion-flex-container has-pattern-background has-mask-background nonhundred-percent-fullwidth non-hundred-percent-height-scrolling\" style=\"--awb-border-radius-top-left:0px;--awb-border-radius-top-right:0px;--awb-border-radius-bottom-right:0px;--awb-border-radius-bottom-left:0px;--awb-flex-wrap:wrap;\" ><div class=\"fusion-builder-row fusion-row fusion-flex-align-items-flex-start fusion-flex-content-wrap\" style=\"max-width:1248px;margin-left: calc(-4% \/ 2 );margin-right: calc(-4% \/ 2 );\"><div class=\"fusion-layout-column fusion_builder_column fusion-builder-column-0 fusion_builder_column_1_1 1_1 fusion-flex-column\" style=\"--awb-bg-size:cover;--awb-width-large:100%;--awb-margin-top-large:0px;--awb-spacing-right-large:1.92%;--awb-margin-bottom-large:20px;--awb-spacing-left-large:1.92%;--awb-width-medium:100%;--awb-order-medium:0;--awb-spacing-right-medium:1.92%;--awb-spacing-left-medium:1.92%;--awb-width-small:100%;--awb-order-small:0;--awb-spacing-right-small:1.92%;--awb-spacing-left-small:1.92%;\"><div class=\"fusion-column-wrapper fusion-column-has-shadow fusion-flex-justify-content-flex-start fusion-content-layout-column\"><div class=\"fusion-text fusion-text-1\"><h1 data-fontsize=\"65\" data-lineheight=\"78px\" class=\"fusion-responsive-typography-calculated\" style=\"--fontSize: 65; line-height: 1.2;\">Pol\u00edtica de cookies<\/h1>\n<p>Bienvenida\/da a la POL\u00cdTICA DE COOKIES de la p\u00e1gina web de la entidad Laia Sol\u00e9 Lleal provista de CIF 40370455G, donde te explicaremos en un lenguaje claro y sencillo todas las cuestiones necesarias para que puedas tener el control sobre la base de las tus decisiones personales.<\/p>\n<h4 data-fontsize=\"20\" data-lineheight=\"28px\" class=\"fusion-responsive-typography-calculated\" style=\"--fontSize: 20; line-height: 1.4; --minFontSize: 20;\">\u00bfQU\u00c9 SON LAS COOKIES Y PARA QU\u00c9 LAS USAMOS?<\/h4>\n<p>Una cookie o cookie inform\u00e1tica es un peque\u00f1o archivo de informaci\u00f3n que se guarda en tu ordenador, \u201csmartphone\u201d o tableta cada vez que visitas nuestra p\u00e1gina web.<\/p>\n<p>En principio, una galleta es inofensiva: no contiene virus, troyanos, gusanos, etc. que puedan da\u00f1ar tu terminal, pero s\u00ed que tiene cierto impacto sobre tu derecho a la protecci\u00f3n de tus datos personales, ya que recoge determinada informaci\u00f3n concerniente a tu persona (h\u00e1bitos de navegaci\u00f3n, identidad, preferencias, etc.).<\/p>\n<p>Por ello, en base a lo que establece la normativa aplicable (LSSI y normativa vigente de protecci\u00f3n de datos personales), la activaci\u00f3n de determinados tipos de cookies necesitar\u00e1 tu autorizaci\u00f3n previa.<\/p>\n<p>Antes de esto, le daremos alguna informaci\u00f3n adicional que le ayudar\u00e1 a una mejor toma de decisiones al respecto:<\/p>\n<p>1. Las cookies pueden ser de varios tipos en funci\u00f3n de su finalidad:<\/p>\n<p>Las cookies t\u00e9cnicas son necesarias para que nuestra p\u00e1gina web pueda funcionar, no necesitan de tu autorizaci\u00f3n y son las \u00fanicas que tenemos activadas por defecto.<\/p>\n<p>El resto de cookies sirven para mejorar nuestra p\u00e1gina, para personalizarla en base a tus preferencias, o para mostrar publicidad ajustada a tus b\u00fasquedas, gustos e intereses personales. Puedes aceptar todas estas cookies pulsando el bot\u00f3n ACEPTAR o configurarlas o rechazar su uso clicando en el apartado CONFIGURACI\u00d3N DE COOKIES.<\/p>\n<p>2. Algunas cookies son las nuestras (las llamaremos cookies propias) y otras pertenecen a empresas externas que prestan servicios para nuestra p\u00e1gina web (las llamaremos cookies de terceros: un ejemplo podr\u00edan ser las cookies de proveedores externos como Google). En este sentido, es importante que sepas que algunos de estos proveedores externos pueden estar ubicados fuera de Espa\u00f1a.<\/p>\n<p>A nivel mundial, no todos los pa\u00edses tienen un mismo nivel de protecci\u00f3n de datos, y existen algunos pa\u00edses m\u00e1s seguros que otros (por ejemplo, la Uni\u00f3n Europea es un entorno seguro para tus datos). Nuestra pol\u00edtica es recurrir a proveedores de confianza que, independientemente de que se encuentren o no ubicados en la Uni\u00f3n Europea, hayan adoptado las garant\u00edas adecuadas para la protecci\u00f3n de tu informaci\u00f3n personal. Sin embargo, en el apartado denominado \u00bfQU\u00c9 TIPO DE COOKIES SE UTILIZAN ACTUALMENTE EN NUESTRA P\u00c1GINA WEB?, puedes consultar las diferentes Pol\u00edticas de privacidad y protecci\u00f3n de datos de cada uno de los referidos proveedores externos, a fin de tomar una decisi\u00f3n consciente sobre la activaci\u00f3n o no de las cookies de terceros que utiliza nuestra p\u00e1gina web.<\/p>\n<p>3. Por \u00faltimo, indicarte que, en funci\u00f3n del plazo de tiempo que permanecen activas, las cookies pueden ser de dos tipos:<\/p>\n<p>Cookies de sesi\u00f3n: expiran autom\u00e1ticamente cuando terminas la sesi\u00f3n en tu ordenador, \u201csmartphone\u201d o tableta. Suelen utilizarse para conservar la informaci\u00f3n necesaria mientras se te presta un servicio en una sola ocasi\u00f3n.<\/p>\n<p>Cookies persistentes: permanecen almacenadas en tu ordenador, \u201csmartphone\u201d o tableta durante un per\u00edodo determinado, que puede variar desde unos minutos hasta varios a\u00f1os.<\/p>\n<h4 data-fontsize=\"20\" data-lineheight=\"28px\" class=\"fusion-responsive-typography-calculated\" style=\"--fontSize: 20; line-height: 1.4; --minFontSize: 20;\">\u00bfQU\u00c9 TIPO DE COOKIES PODEMOS UTILIZAR EN NUESTRA P\u00c1GINA WEB?<\/h4>\n<\/div>\n<div class=\"table-1\">\n<table width=\"100%\">\n<thead>\n<tr>\n<th align=\"left\">Tipo de cookie<\/th>\n<th align=\"left\">Finalidad<\/th>\n<th align=\"left\">Entidad responsable y enlace a su pol\u00edtica de privacidad y protecci\u00f3n de datos<\/th>\n<th align=\"left\">Plazo de tiempo (de sesi\u00f3n \/ persistente)<\/th>\n<\/tr>\n<\/thead>\n<tbody>\n<tr>\n<td align=\"left\">\n<p>\u2013 wordpress_[hash] \u2013 Almacena detalles de la autentificaci\u00f3n<\/p>\n<p>\u2013 wordpress_logged_in_[hash] \u2013 Indica cu\u00e1ndo est\u00e1s autentificado, y qui\u00e9n eres<\/p>\n<p>\u2013 wordpress-sec_* \u2013 Almacena detalles de la autentificaci\u00f3n<\/p>\n<p>\u2013 wp-settings-{time}-[UID] \u2013 Guarda informaci\u00f3n de la configuraci\u00f3n de la interfaz de administraci\u00f3n, para cada usuario (UID)<\/p>\n<p>\u2013 PHPSESSID \u2013 cookie de autentificaci\u00f3n de PHP<\/p>\n<p>\u2013 wp-settings-1 \u2013 Utilizadas por WordPress para personalizar la interfaz de usuario<\/p>\n<p>\u2013 wp-settings-time-1 \u2013 Utilizadas por WordPress para personalizar la interfaz de usuario<\/p>\n<p>\u2013 wordpress_test_cookie \u2013 Comprueba si el navegador soporta las cookies<\/p>\n<\/td>\n<td align=\"left\">Cookies de autentificaci\u00f3n: Utilizadas cuando un usuario accede al panel de administraci\u00f3n de WordPress<\/td>\n<td align=\"left\">Laia Sol\u00e9 Lleal<\/td>\n<td align=\"left\">Sesi\u00f3n y persistentes<\/td>\n<\/tr>\n<tr>\n<td align=\"left\">\n<p>\u2013 comment_author_[hash] \u2013 Almacena el autor<\/p>\n<p>\u2013 comment_author_email_[hash] \u2013 Almacena el e-mail<\/p>\n<p>\u2013 comment_author_url_[hash] \u2013 Almacena la URL<\/p>\n<\/td>\n<td align=\"left\">Cookies de comentarios: Utilizadas cuando un usuario realiza comentarios en el blog de WordPress, para que si vuelven a comentar, no tengan que volver a rellenar todos los campos<\/td>\n<td align=\"left\">Laia Sol\u00e9 Lleal<\/td>\n<td align=\"left\">Sesi\u00f3n y persistentes<\/td>\n<\/tr>\n<tr>\n<td align=\"left\">\n<p>\u2013 aviaCookieConsent \u2013 Controla si se muestra o no el banner de cookies<\/p>\n<p>\u2013 aviaPrivacyEssentialCookiesEnabled \u2013 Controla si est\u00e1n activas o no las cookies esenciales<\/p>\n<p>\u2013 aviaPrivacyMustOptInSetting \u2013 Controla si el usuario puede gestionar las cookies o no<\/p>\n<p>\u2013 aviaPrivacyRefuseCookiesHideBar \u2013 Controla si se muestra o no el banner de cookies<\/p>\n<p>\u2013 aviaPrivacyGoogleMapsDisabled \u2013 Controla si est\u00e1n activas o no las cookies relacionadas con Google Maps y otros servicios publicitarios<\/p>\n<p>\u2013 aviaPrivacyGoogleReCaptchaDisabled \u2013 Controla si est\u00e1n activas o no las cookies relacionadas con Google Recaptcha<\/p>\n<p>\u2013 aviaPrivacyGoogleTrackingDisabled \u2013 Controla si est\u00e1n activas o no las cookies relacionadas con Google Analytics<\/p>\n<p>\u2013 aviaPrivacyGoogleWebfontsDisabled \u2013 Controla si est\u00e1 activo o no el servicio de Google Fonts<\/p>\n<p>\u2013 aviaPrivacyVideoEmbedsDisabled \u2013 Controla si est\u00e1n activas o no las cookies relacionadas con Youtube y Vimeo<\/p>\n<\/td>\n<td align=\"left\">Cookies del banner de cookies: Utilizadas para mostrar o no el banner de cookies, en funci\u00f3n de la elecci\u00f3n del usuario, as\u00ed como para cargar o no los servicios indicados (Google Analytics, Google Fonts, etc)<\/td>\n<td align=\"left\">Laia Sol\u00e9 Lleal<\/td>\n<td align=\"left\">Sesi\u00f3n y persistentes<\/td>\n<\/tr>\n<tr>\n<td align=\"left\">\n<p>\u2013 wp-wpml_current_language \u2013 Almacena el idioma actual<\/p>\n<p>\u2013 wp-wpml_current_admin_language_{hash} \u2013 Almacena el idioma actual del \u00e1rea de administraci\u00f3n<\/p>\n<p>\u2013 wp-wpml_visitor_lang_js \u2013 Almacena el idioma de redirecci\u00f3n<\/p>\n<p>\u2013 wpml_browser_redirect_test \u2013 Comprueba si el navegador soporta las cookies<\/p>\n<p>\u2013 wpml_referer_url \u2013 Almacena la \u00faltima URL solicitada<\/p>\n<p>\u2013 wpml_admin_referer_url \u2013 Almacena la \u00faltima URL solicitada del \u00e1rea de administraci\u00f3n<\/p>\n<\/td>\n<td align=\"left\">Column 2 Value 4<\/td>\n<td align=\"left\">Laia Sol\u00e9 Lleal<\/td>\n<td align=\"left\">Sesi\u00f3n y persistentes<\/td>\n<\/tr>\n<tr>\n<td align=\"left\">\u2013 popup_cookie \u2013 Almacena el tipo de popup de la web<\/td>\n<td align=\"left\">Cookies del popup: Utilizadas para gestionar si debe mostrarse o no el popup de la web<\/td>\n<td align=\"left\">Laia Sol\u00e9 Lleal<\/td>\n<td align=\"left\">Sesi\u00f3n y persistentes<\/td>\n<\/tr>\n<tr>\n<td align=\"left\">\n<p>\u2013 Google Fonts<\/p>\n<p>\u2013 Google Analytics<\/p>\n<p>\u2013 Google Maps<\/p>\n<p>\u2013 Google Ads<\/p>\n<\/td>\n<td align=\"left\">\n<p>Utilizar los servicios de Google:<\/p>\n<p>\u2013 Google Fonts<\/p>\n<p>\u2013 Google Analytics (an\u00e1lisis)<\/p>\n<p>\u2013 Google Maps (publicitarias)<\/p>\n<p>\u2013 Google Ads (publicitarias)<\/p>\n<\/td>\n<td align=\"left\">\n<p><a href=\"https:\/\/policies.google.com\/privacy\" target=\"_blank\" rel=\"noopener noreferrer\">Google<\/a><\/p>\n<p><a href=\"https:\/\/developers.google.com\/analytics\/devguides\/collection\/analyticsjs\/cookie-usage\" target=\"_blank\" rel=\"noopener noreferrer\">Google Analytics<\/a><\/p>\n<\/td>\n<td align=\"left\">Sesi\u00f3n y persistentes<\/td>\n<\/tr>\n<tr>\n<td align=\"left\">\u2013 Facebook<\/td>\n<td align=\"left\">Utilizar los servicios de Facebook (publicitarias)<\/td>\n<td align=\"left\"><a href=\"https:\/\/es-es.facebook.com\/policies\/cookies\/\" target=\"_blank\" rel=\"noopener noreferrer\">Facebook<\/a><\/td>\n<td align=\"left\">Sesi\u00f3n y persistentes<\/td>\n<\/tr>\n<tr>\n<td align=\"left\">\u2013 Instagram<\/td>\n<td align=\"left\">Utilizar los servicios de Instagram (publicitarias)<\/td>\n<td align=\"left\"><a href=\"https:\/\/help.instagram.com\/1896641480634370?ref=ig\" target=\"_blank\" rel=\"noopener noreferrer\">Instagram<\/a><\/td>\n<td align=\"left\">Sesi\u00f3n y persistentes<\/td>\n<\/tr>\n<\/tbody>\n<\/table>\n<\/div>\n<div class=\"fusion-text fusion-text-2\"><\/p>\n<h4>\u00bfQU\u00c9 PUEDES HACER CON LAS COOKIES?<\/h4>\n<p>Cuando accedes por primera vez a nuestra p\u00e1gina web, se te muestra una ventana en la que te informamos que las cookies pueden ser de varios tipos:<\/p>\n<p>Las cookies t\u00e9cnicas son necesarias para que nuestra p\u00e1gina web pueda funcionar, no necesitan de tu autorizaci\u00f3n y son las \u00fanicas que tenemos activadas por defecto.<\/p>\n<p>El resto de cookies sirven para mejorar nuestra p\u00e1gina, para personalizarla en base a tus preferencias, o para mostrar publicidad ajustada a tus b\u00fasquedas, gustos e intereses personales. Puedes aceptar todas estas cookies pulsando el bot\u00f3n ACEPTAR o configurarlas o rechazar su uso clicando en el apartado CONFIGURACI\u00d3N DE COOKIES.<\/p>\n<p>Informarte tambi\u00e9n que, una vez que hayas activado cualquier tipo de cookies, tienes la posibilidad de desactivarlas en el momento que quieras, con el simple paso de desmarcar la casilla correspondiente al apartado CONFIGURACI\u00d3N DE COOKIES de nuestra p\u00e1gina web. Siempre ser\u00e1 tan sencillo para ti activar nuestras cookies propias como desactivarlas.<\/p>\n<p>Recordarte asimismo que, a trav\u00e9s de la configuraci\u00f3n de tu navegador, puedes bloquear o alertar de la presencia de cookies, si bien este bloqueo puede afectar al correcto funcionamiento de las diferentes funcionalidades de nuestra p\u00e1gina web en el caso de las cookies t\u00e9cnicas necesarias.<\/p>\n<p>Por \u00faltimo, indicarte que, si activas cookies de terceros (empresas externas que prestan servicios para nuestra p\u00e1gina web) y posteriormente deseas desactivarlas, podr\u00e1s hacerlo de dos formas: usando las herramientas de desactivaci\u00f3n de cookies de tu navegador oa trav\u00e9s de los propios sistemas habilitados por estos proveedores externos.<\/p>\n<p>Para que le sea mucho m\u00e1s f\u00e1cil, a continuaci\u00f3n le relacionamos una serie de enlaces a las pautas de desactivaci\u00f3n de cookies de los navegadores de uso com\u00fan:<\/p>\n<ul>\n<li>Google Chrome<\/li>\n<li>Mozilla Firefox<\/li>\n<li>Internet Explorer<\/li>\n<li>Safari<\/li>\n<li>Safari per a IOS (iPhone i iPad)<\/li>\n<li>Google Chrome per a Android<\/li>\n<li>Google Chrome per a Iphone i Ipad<\/li>\n<\/ul>\n<p>Asimismo, te relacionamos los enlaces a los sistemas propios habilitados por cada uno de los referidos proveedores externos para la desactivaci\u00f3n de cookies.<\/p>\n<\/p>\n<ul>\n<li>Google: https:\/\/policies.google.com\/privacy<\/li>\n<\/ul>\n<p>Muchas gracias por tu colaboraci\u00f3n<\/p>\n<\/div><\/div><\/div><\/div><\/div>\n","protected":false},"excerpt":{"rendered":"","protected":false},"author":3,"featured_media":0,"parent":0,"menu_order":200,"comment_status":"closed","ping_status":"closed","template":"100-width.php","meta":{"footnotes":""},"class_list":["post-3515","page","type-page","status-publish","hentry"],"yoast_head":"<!-- This site is optimized with the Yoast SEO plugin v27.5 - https:\/\/yoast.com\/product\/yoast-seo-wordpress\/ -->\n<title>Pol\u00edtica de cookies - Behaus<\/title>\n<meta name=\"robots\" content=\"index, follow, max-snippet:-1, max-image-preview:large, max-video-preview:-1\" \/>\n<link rel=\"canonical\" href=\"https:\/\/behaus.studio\/es\/politica-de-cookies\/\" \/>\n<meta property=\"og:locale\" content=\"es_ES\" \/>\n<meta property=\"og:type\" content=\"article\" \/>\n<meta property=\"og:title\" content=\"Pol\u00edtica de cookies - Behaus\" \/>\n<meta property=\"og:url\" content=\"https:\/\/behaus.studio\/es\/politica-de-cookies\/\" \/>\n<meta property=\"og:site_name\" content=\"Behaus\" \/>\n<meta property=\"article:modified_time\" content=\"2023-06-21T14:31:09+00:00\" \/>\n<meta name=\"twitter:card\" content=\"summary_large_image\" \/>\n<meta name=\"twitter:label1\" content=\"Tiempo de lectura\" \/>\n\t<meta name=\"twitter:data1\" content=\"10 minutos\" \/>\n<script type=\"application\/ld+json\" class=\"yoast-schema-graph\">{\"@context\":\"https:\\\/\\\/schema.org\",\"@graph\":[{\"@type\":\"WebPage\",\"@id\":\"https:\\\/\\\/behaus.studio\\\/es\\\/politica-de-cookies\\\/\",\"url\":\"https:\\\/\\\/behaus.studio\\\/es\\\/politica-de-cookies\\\/\",\"name\":\"Pol\u00edtica de cookies - Behaus\",\"isPartOf\":{\"@id\":\"https:\\\/\\\/behaus.studio\\\/es\\\/#website\"},\"datePublished\":\"2023-04-27T14:26:20+00:00\",\"dateModified\":\"2023-06-21T14:31:09+00:00\",\"breadcrumb\":{\"@id\":\"https:\\\/\\\/behaus.studio\\\/es\\\/politica-de-cookies\\\/#breadcrumb\"},\"inLanguage\":\"es\",\"potentialAction\":[{\"@type\":\"ReadAction\",\"target\":[\"https:\\\/\\\/behaus.studio\\\/es\\\/politica-de-cookies\\\/\"]}]},{\"@type\":\"BreadcrumbList\",\"@id\":\"https:\\\/\\\/behaus.studio\\\/es\\\/politica-de-cookies\\\/#breadcrumb\",\"itemListElement\":[{\"@type\":\"ListItem\",\"position\":1,\"name\":\"Portada\",\"item\":\"https:\\\/\\\/behaus.studio\\\/es\\\/\"},{\"@type\":\"ListItem\",\"position\":2,\"name\":\"Pol\u00edtica de cookies\"}]},{\"@type\":\"WebSite\",\"@id\":\"https:\\\/\\\/behaus.studio\\\/es\\\/#website\",\"url\":\"https:\\\/\\\/behaus.studio\\\/es\\\/\",\"name\":\"Behaus\",\"description\":\"Passivhaus Designer Girona\",\"publisher\":{\"@id\":\"https:\\\/\\\/behaus.studio\\\/es\\\/#organization\"},\"potentialAction\":[{\"@type\":\"SearchAction\",\"target\":{\"@type\":\"EntryPoint\",\"urlTemplate\":\"https:\\\/\\\/behaus.studio\\\/es\\\/?s={search_term_string}\"},\"query-input\":{\"@type\":\"PropertyValueSpecification\",\"valueRequired\":true,\"valueName\":\"search_term_string\"}}],\"inLanguage\":\"es\"},{\"@type\":\"Organization\",\"@id\":\"https:\\\/\\\/behaus.studio\\\/es\\\/#organization\",\"name\":\"Behaus\",\"url\":\"https:\\\/\\\/behaus.studio\\\/es\\\/\",\"logo\":{\"@type\":\"ImageObject\",\"inLanguage\":\"es\",\"@id\":\"https:\\\/\\\/behaus.studio\\\/es\\\/#\\\/schema\\\/logo\\\/image\\\/\",\"url\":\"https:\\\/\\\/behaus.studio\\\/wp-content\\\/uploads\\\/2023\\\/10\\\/BEHAUS_FAVICON_negrecyan.png\",\"contentUrl\":\"https:\\\/\\\/behaus.studio\\\/wp-content\\\/uploads\\\/2023\\\/10\\\/BEHAUS_FAVICON_negrecyan.png\",\"width\":487,\"height\":431,\"caption\":\"Behaus\"},\"image\":{\"@id\":\"https:\\\/\\\/behaus.studio\\\/es\\\/#\\\/schema\\\/logo\\\/image\\\/\"}}]}<\/script>\n<!-- \/ Yoast SEO plugin. -->","yoast_head_json":{"title":"Pol\u00edtica de cookies - Behaus","robots":{"index":"index","follow":"follow","max-snippet":"max-snippet:-1","max-image-preview":"max-image-preview:large","max-video-preview":"max-video-preview:-1"},"canonical":"https:\/\/behaus.studio\/es\/politica-de-cookies\/","og_locale":"es_ES","og_type":"article","og_title":"Pol\u00edtica de cookies - Behaus","og_url":"https:\/\/behaus.studio\/es\/politica-de-cookies\/","og_site_name":"Behaus","article_modified_time":"2023-06-21T14:31:09+00:00","twitter_card":"summary_large_image","twitter_misc":{"Tiempo de lectura":"10 minutos"},"schema":{"@context":"https:\/\/schema.org","@graph":[{"@type":"WebPage","@id":"https:\/\/behaus.studio\/es\/politica-de-cookies\/","url":"https:\/\/behaus.studio\/es\/politica-de-cookies\/","name":"Pol\u00edtica de cookies - Behaus","isPartOf":{"@id":"https:\/\/behaus.studio\/es\/#website"},"datePublished":"2023-04-27T14:26:20+00:00","dateModified":"2023-06-21T14:31:09+00:00","breadcrumb":{"@id":"https:\/\/behaus.studio\/es\/politica-de-cookies\/#breadcrumb"},"inLanguage":"es","potentialAction":[{"@type":"ReadAction","target":["https:\/\/behaus.studio\/es\/politica-de-cookies\/"]}]},{"@type":"BreadcrumbList","@id":"https:\/\/behaus.studio\/es\/politica-de-cookies\/#breadcrumb","itemListElement":[{"@type":"ListItem","position":1,"name":"Portada","item":"https:\/\/behaus.studio\/es\/"},{"@type":"ListItem","position":2,"name":"Pol\u00edtica de cookies"}]},{"@type":"WebSite","@id":"https:\/\/behaus.studio\/es\/#website","url":"https:\/\/behaus.studio\/es\/","name":"Behaus","description":"Passivhaus Designer Girona","publisher":{"@id":"https:\/\/behaus.studio\/es\/#organization"},"potentialAction":[{"@type":"SearchAction","target":{"@type":"EntryPoint","urlTemplate":"https:\/\/behaus.studio\/es\/?s={search_term_string}"},"query-input":{"@type":"PropertyValueSpecification","valueRequired":true,"valueName":"search_term_string"}}],"inLanguage":"es"},{"@type":"Organization","@id":"https:\/\/behaus.studio\/es\/#organization","name":"Behaus","url":"https:\/\/behaus.studio\/es\/","logo":{"@type":"ImageObject","inLanguage":"es","@id":"https:\/\/behaus.studio\/es\/#\/schema\/logo\/image\/","url":"https:\/\/behaus.studio\/wp-content\/uploads\/2023\/10\/BEHAUS_FAVICON_negrecyan.png","contentUrl":"https:\/\/behaus.studio\/wp-content\/uploads\/2023\/10\/BEHAUS_FAVICON_negrecyan.png","width":487,"height":431,"caption":"Behaus"},"image":{"@id":"https:\/\/behaus.studio\/es\/#\/schema\/logo\/image\/"}}]}},"_links":{"self":[{"href":"https:\/\/behaus.studio\/es\/wp-json\/wp\/v2\/pages\/3515","targetHints":{"allow":["GET"]}}],"collection":[{"href":"https:\/\/behaus.studio\/es\/wp-json\/wp\/v2\/pages"}],"about":[{"href":"https:\/\/behaus.studio\/es\/wp-json\/wp\/v2\/types\/page"}],"author":[{"embeddable":true,"href":"https:\/\/behaus.studio\/es\/wp-json\/wp\/v2\/users\/3"}],"replies":[{"embeddable":true,"href":"https:\/\/behaus.studio\/es\/wp-json\/wp\/v2\/comments?post=3515"}],"version-history":[{"count":2,"href":"https:\/\/behaus.studio\/es\/wp-json\/wp\/v2\/pages\/3515\/revisions"}],"predecessor-version":[{"id":3517,"href":"https:\/\/behaus.studio\/es\/wp-json\/wp\/v2\/pages\/3515\/revisions\/3517"}],"wp:attachment":[{"href":"https:\/\/behaus.studio\/es\/wp-json\/wp\/v2\/media?parent=3515"}],"curies":[{"name":"wp","href":"https:\/\/api.w.org\/{rel}","templated":true}]}}