{"id":2522,"date":"2023-04-27T14:26:20","date_gmt":"2023-04-27T14:26:20","guid":{"rendered":"https:\/\/behaus.studio\/?page_id=2522"},"modified":"2023-06-22T12:56:09","modified_gmt":"2023-06-22T12:56:09","slug":"politica-de-cookies","status":"publish","type":"page","link":"https:\/\/behaus.studio\/ca\/politica-de-cookies\/","title":{"rendered":"Pol\u00edtica de cookies"},"content":{"rendered":"<div class=\"fusion-fullwidth fullwidth-box fusion-builder-row-1 fusion-flex-container has-pattern-background has-mask-background nonhundred-percent-fullwidth non-hundred-percent-height-scrolling\" style=\"--awb-border-radius-top-left:0px;--awb-border-radius-top-right:0px;--awb-border-radius-bottom-right:0px;--awb-border-radius-bottom-left:0px;--awb-flex-wrap:wrap;\" ><div class=\"fusion-builder-row fusion-row fusion-flex-align-items-flex-start fusion-flex-content-wrap\" style=\"max-width:1248px;margin-left: calc(-4% \/ 2 );margin-right: calc(-4% \/ 2 );\"><div class=\"fusion-layout-column fusion_builder_column fusion-builder-column-0 fusion_builder_column_1_1 1_1 fusion-flex-column\" style=\"--awb-bg-size:cover;--awb-width-large:100%;--awb-margin-top-large:0px;--awb-spacing-right-large:1.92%;--awb-margin-bottom-large:20px;--awb-spacing-left-large:1.92%;--awb-width-medium:100%;--awb-order-medium:0;--awb-spacing-right-medium:1.92%;--awb-spacing-left-medium:1.92%;--awb-width-small:100%;--awb-order-small:0;--awb-spacing-right-small:1.92%;--awb-spacing-left-small:1.92%;\"><div class=\"fusion-column-wrapper fusion-column-has-shadow fusion-flex-justify-content-flex-start fusion-content-layout-column\"><div class=\"fusion-text fusion-text-1\"><h1 data-fontsize=\"65\" data-lineheight=\"78px\" class=\"fusion-responsive-typography-calculated\" style=\"--fontSize: 65; line-height: 1.2;\">Pol\u00edtica de cookies<\/h1>\n<p>Benvinguda\/da a la POL\u00cdTICA DE COOKIES de la p\u00e0gina web de l&#8217;entitat Laia Sol\u00e9 Lleal prove\u00efda de CIF 40370455G, on t&#8217;explicarem en un llenguatge clar i senzill totes les q\u00fcestions necess\u00e0ries perqu\u00e8 puguis tenir-ne el control sobre la base de les teves decisions personals.<\/p>\n<h4 data-fontsize=\"20\" data-lineheight=\"28px\" class=\"fusion-responsive-typography-calculated\" style=\"--fontSize: 20; line-height: 1.4; --minFontSize: 20;\">QU\u00c8 S\u00d3N LES COOKIES I PER A QU\u00c8 LES USEM?<\/h4>\n<p>Una galeta o galeta inform\u00e0tica \u00e9s un petit arxiu d&#8217;informaci\u00f3 que es guarda al teu ordinador, \u201csmartphone\u201d o tauleta cada cop que visites la nostra p\u00e0gina web.<\/p>\n<p>En principi, una galeta \u00e9s inofensiva: no cont\u00e9 virus, troians, cucs, etc. que puguin danyar el teu terminal, per\u00f2 s\u00ed que t\u00e9 cert impacte sobre el teu dret a la protecci\u00f3 de les teves dades personals, ja que recull determinada informaci\u00f3 concernent a la teva persona (h\u00e0bits de navegaci\u00f3, identitat, prefer\u00e8ncies, etc.).<\/p>\n<p>\u00c9s per aix\u00f2 que, en base al que estableix la normativa aplicable (LSSI i normativa vigent de protecci\u00f3 de dades personals), l&#8217;activaci\u00f3 de determinats tipus de cookies necessitar\u00e0 la teva autoritzaci\u00f3 pr\u00e8via.<\/p>\n<p>Abans d&#8217;aix\u00f2, us donarem alguna informaci\u00f3 addicional que us ajudar\u00e0 a una millor presa de decisions sobre aix\u00f2:<\/p>\n<p>1. Les galetes poden ser de diversos tipus en funci\u00f3 de la seva finalitat:<\/p>\n<p>Les cookies t\u00e8cniques s\u00f3n necess\u00e0ries perqu\u00e8 la nostra p\u00e0gina web pugui funcionar, no necessiten la teva autoritzaci\u00f3 i s\u00f3n les \u00faniques que tenim activades per defecte.<\/p>\n<p>La resta de cookies serveixen per millorar la nostra p\u00e0gina, per personalitzar-la en base a les teves prefer\u00e8ncies, o per poder mostrar publicitat ajustada a les teves cerques, gustos i interessos personals. Pots acceptar totes aquestes cookies prement el bot\u00f3 ACCEPTAR o configurar-les o rebutjar-ne l&#8217;\u00fas clicant a l&#8217;apartat CONFIGURACI\u00d3 DE COOKIES.<\/p>\n<p>2. Algunes cookies s\u00f3n les nostres (les anomenarem cookies pr\u00f2pies) i d&#8217;altres pertanyen a empreses externes que presten serveis per a la nostra p\u00e0gina web (les anomenarem cookies de tercers: un exemple podrien ser les cookies de prove\u00efdors externs com Google). En aquest sentit, \u00e9s important que s\u00e0pigues que alguns d&#8217;aquests prove\u00efdors externs poden estar ubicats fora d&#8217;Espanya.<\/p>\n<p>A nivell mundial, no tots els pa\u00efsos tenen un mateix nivell de protecci\u00f3 de dades, i hi ha alguns pa\u00efsos m\u00e9s segurs que altres (per exemple, la Uni\u00f3 Europea \u00e9s un entorn segur per a les teves dades). La nostra pol\u00edtica \u00e9s rec\u00f3rrer a prove\u00efdors de confian\u00e7a que, amb independ\u00e8ncia que es trobin o no ubicats a la Uni\u00f3 Europea, hagin adoptat les garanties adequades per a la protecci\u00f3 de la teva informaci\u00f3 personal. No obstant aix\u00f2, a l&#8217;apartat denominat QUIN TIPUS DE COOKIES S&#8217;UTILITZEN ACTUALMENT A LA NOSTRA P\u00c0GINA WEB?, pots consultar les diferents Pol\u00edtiques de privadesa i protecci\u00f3 de dades de cadascun dels referits prove\u00efdors externs, a fi de prendre una decisi\u00f3 conscient sobre la activaci\u00f3 o no de les galetes de tercers que utilitza la nostra p\u00e0gina web.<\/p>\n<p>3. Finalment, indicar-te que, en funci\u00f3 del termini de temps que romanen actives, les galetes poden ser de dos tipus:<\/p>\n<p>Cookies de sessi\u00f3: expiren autom\u00e0ticament quan acabes la sessi\u00f3 al teu ordinador, \u201csmartphone\u201d o tauleta. Solen fer-se servir per conservar la informaci\u00f3 necess\u00e0ria mentre se&#8217;t presta un servei en una sola ocasi\u00f3.<\/p>\n<p>Cookies persistents: romanen emmagatzemades al teu ordinador, \u201csmartphone\u201d o tauleta durant un per\u00edode determinat, que pot variar des d&#8217;uns minuts fins a diversos anys.<\/p>\n<h4 data-fontsize=\"20\" data-lineheight=\"28px\" class=\"fusion-responsive-typography-calculated\" style=\"--fontSize: 20; line-height: 1.4; --minFontSize: 20;\">QUIN TIPUS DE COOKIES PODEM UTILITZAR A LA NOSTRA P\u00c0GINA WEB?<\/h4>\n<\/div>\n<div class=\"table-1\">\n<table width=\"100%\">\n<thead>\n<tr>\n<th align=\"left\">Tipo de cookie<\/th>\n<th align=\"left\">Finalidad<\/th>\n<th align=\"left\">Entidad responsable y enlace a su pol\u00edtica de privacidad y protecci\u00f3n de datos<\/th>\n<th align=\"left\">Plazo de tiempo (de sesi\u00f3n \/ persistente)<\/th>\n<\/tr>\n<\/thead>\n<tbody>\n<tr>\n<td align=\"left\">\n<p>\u2013 wordpress_[hash] \u2013 Almacena detalles de la autentificaci\u00f3n<\/p>\n<p>\u2013 wordpress_logged_in_[hash] \u2013 Indica cu\u00e1ndo est\u00e1s autentificado, y qui\u00e9n eres<\/p>\n<p>\u2013 wordpress-sec_* \u2013 Almacena detalles de la autentificaci\u00f3n<\/p>\n<p>\u2013 wp-settings-{time}-[UID] \u2013 Guarda informaci\u00f3n de la configuraci\u00f3n de la interfaz de administraci\u00f3n, para cada usuario (UID)<\/p>\n<p>\u2013 PHPSESSID \u2013 cookie de autentificaci\u00f3n de PHP<\/p>\n<p>\u2013 wp-settings-1 \u2013 Utilizadas por WordPress para personalizar la interfaz de usuario<\/p>\n<p>\u2013 wp-settings-time-1 \u2013 Utilizadas por WordPress para personalizar la interfaz de usuario<\/p>\n<p>\u2013 wordpress_test_cookie \u2013 Comprueba si el navegador soporta las cookies<\/p>\n<\/td>\n<td align=\"left\">Cookies de autentificaci\u00f3n: Utilizadas cuando un usuario accede al panel de administraci\u00f3n de WordPress<\/td>\n<td align=\"left\">Laia Sol\u00e9 Lleal<\/td>\n<td align=\"left\">Sesi\u00f3n y persistentes<\/td>\n<\/tr>\n<tr>\n<td align=\"left\">\n<p>\u2013 comment_author_[hash] \u2013 Almacena el autor<\/p>\n<p>\u2013 comment_author_email_[hash] \u2013 Almacena el e-mail<\/p>\n<p>\u2013 comment_author_url_[hash] \u2013 Almacena la URL<\/p>\n<\/td>\n<td align=\"left\">Cookies de comentarios: Utilizadas cuando un usuario realiza comentarios en el blog de WordPress, para que si vuelven a comentar, no tengan que volver a rellenar todos los campos<\/td>\n<td align=\"left\">Laia Sol\u00e9 Lleal<\/td>\n<td align=\"left\">Sesi\u00f3n y persistentes<\/td>\n<\/tr>\n<tr>\n<td align=\"left\">\n<p>\u2013 aviaCookieConsent \u2013 Controla si se muestra o no el banner de cookies<\/p>\n<p>\u2013 aviaPrivacyEssentialCookiesEnabled \u2013 Controla si est\u00e1n activas o no las cookies esenciales<\/p>\n<p>\u2013 aviaPrivacyMustOptInSetting \u2013 Controla si el usuario puede gestionar las cookies o no<\/p>\n<p>\u2013 aviaPrivacyRefuseCookiesHideBar \u2013 Controla si se muestra o no el banner de cookies<\/p>\n<p>\u2013 aviaPrivacyGoogleMapsDisabled \u2013 Controla si est\u00e1n activas o no las cookies relacionadas con Google Maps y otros servicios publicitarios<\/p>\n<p>\u2013 aviaPrivacyGoogleReCaptchaDisabled \u2013 Controla si est\u00e1n activas o no las cookies relacionadas con Google Recaptcha<\/p>\n<p>\u2013 aviaPrivacyGoogleTrackingDisabled \u2013 Controla si est\u00e1n activas o no las cookies relacionadas con Google Analytics<\/p>\n<p>\u2013 aviaPrivacyGoogleWebfontsDisabled \u2013 Controla si est\u00e1 activo o no el servicio de Google Fonts<\/p>\n<p>\u2013 aviaPrivacyVideoEmbedsDisabled \u2013 Controla si est\u00e1n activas o no las cookies relacionadas con Youtube y Vimeo<\/p>\n<\/td>\n<td align=\"left\">Cookies del banner de cookies: Utilizadas para mostrar o no el banner de cookies, en funci\u00f3n de la elecci\u00f3n del usuario, as\u00ed como para cargar o no los servicios indicados (Google Analytics, Google Fonts, etc)<\/td>\n<td align=\"left\">Laia Sol\u00e9 Lleal<\/td>\n<td align=\"left\">Sesi\u00f3n y persistentes<\/td>\n<\/tr>\n<tr>\n<td align=\"left\">\n<p>\u2013 wp-wpml_current_language \u2013 Almacena el idioma actual<\/p>\n<p>\u2013 wp-wpml_current_admin_language_{hash} \u2013 Almacena el idioma actual del \u00e1rea de administraci\u00f3n<\/p>\n<p>\u2013 wp-wpml_visitor_lang_js \u2013 Almacena el idioma de redirecci\u00f3n<\/p>\n<p>\u2013 wpml_browser_redirect_test \u2013 Comprueba si el navegador soporta las cookies<\/p>\n<p>\u2013 wpml_referer_url \u2013 Almacena la \u00faltima URL solicitada<\/p>\n<p>\u2013 wpml_admin_referer_url \u2013 Almacena la \u00faltima URL solicitada del \u00e1rea de administraci\u00f3n<\/p>\n<\/td>\n<td align=\"left\">Column 2 Value 4<\/td>\n<td align=\"left\">Laia Sol\u00e9 Lleal<\/td>\n<td align=\"left\">Sesi\u00f3n y persistentes<\/td>\n<\/tr>\n<tr>\n<td align=\"left\">\u2013 popup_cookie \u2013 Almacena el tipo de popup de la web<\/td>\n<td align=\"left\">Cookies del popup: Utilizadas para gestionar si debe mostrarse o no el popup de la web<\/td>\n<td align=\"left\">Laia Sol\u00e9 Lleal<\/td>\n<td align=\"left\">Sesi\u00f3n y persistentes<\/td>\n<\/tr>\n<tr>\n<td align=\"left\">\n<p>\u2013 Google Fonts<\/p>\n<p>\u2013 Google Analytics<\/p>\n<p>\u2013 Google Maps<\/p>\n<p>\u2013 Google Ads<\/p>\n<\/td>\n<td align=\"left\">\n<p>Utilizar los servicios de Google:<\/p>\n<p>\u2013 Google Fonts<\/p>\n<p>\u2013 Google Analytics (an\u00e1lisis)<\/p>\n<p>\u2013 Google Maps (publicitarias)<\/p>\n<p>\u2013 Google Ads (publicitarias)<\/p>\n<\/td>\n<td align=\"left\">\n<p><a href=\"https:\/\/policies.google.com\/privacy\" target=\"_blank\" rel=\"noopener noreferrer\">Google<\/a><\/p>\n<p><a href=\"https:\/\/developers.google.com\/analytics\/devguides\/collection\/analyticsjs\/cookie-usage\" target=\"_blank\" rel=\"noopener noreferrer\">Google Analytics<\/a><\/p>\n<\/td>\n<td align=\"left\">Sesi\u00f3n y persistentes<\/td>\n<\/tr>\n<tr>\n<td align=\"left\">\u2013 Facebook<\/td>\n<td align=\"left\">Utilizar los servicios de Facebook (publicitarias)<\/td>\n<td align=\"left\"><a href=\"https:\/\/es-es.facebook.com\/policies\/cookies\/\" target=\"_blank\" rel=\"noopener noreferrer\">Facebook<\/a><\/td>\n<td align=\"left\">Sesi\u00f3n y persistentes<\/td>\n<\/tr>\n<tr>\n<td align=\"left\">\u2013 Instagram<\/td>\n<td align=\"left\">Utilizar los servicios de Instagram (publicitarias)<\/td>\n<td align=\"left\"><a href=\"https:\/\/help.instagram.com\/1896641480634370?ref=ig\" target=\"_blank\" rel=\"noopener noreferrer\">Instagram<\/a><\/td>\n<td align=\"left\">Sesi\u00f3n y persistentes<\/td>\n<\/tr>\n<\/tbody>\n<\/table>\n<\/div>\n<div class=\"fusion-text fusion-text-2\"><\/p>\n<h4>QU\u00c8 POTS FER AMB LES COOKIES?<\/h4>\n<p>Quan accedeixes per primera vegada a la nostra p\u00e0gina web, se&#8217;t mostra una finestra on t&#8217;informem que les cookies poden ser de diversos tipus:<\/p>\n<p>Les cookies t\u00e8cniques s\u00f3n necess\u00e0ries perqu\u00e8 la nostra p\u00e0gina web pugui funcionar, no necessiten la teva autoritzaci\u00f3 i s\u00f3n les \u00faniques que tenim activades per defecte.<\/p>\n<p>La resta de cookies serveixen per millorar la nostra p\u00e0gina, per personalitzar-la en base a les teves prefer\u00e8ncies, o per poder mostrar publicitat ajustada a les teves cerques, gustos i interessos personals. Pots acceptar totes aquestes cookies prement el bot\u00f3 ACCEPTAR o configurar-les o rebutjar-ne l&#8217;\u00fas clicant a l&#8217;apartat CONFIGURACI\u00d3 DE COOKIES.<\/p>\n<p>Informar-te tamb\u00e9 que, un cop hagis activat qualsevol tipus de cookies, tens la possibilitat de desactivar-les en el moment que vulguis, amb el simple pas de desmarcar la casella corresponent a l&#8217;apartat CONFIGURACI\u00d3 DE COOKIES de la nostra p\u00e0gina web. Sempre ser\u00e0 tan senzill per a tu activar les nostres cookies pr\u00f2pies com desactivar-les.<\/p>\n<p>Recordar-te aix\u00ed mateix que, a trav\u00e9s de la configuraci\u00f3 del teu navegador, pots bloquejar o alertar de la pres\u00e8ncia de cookies, si b\u00e9 aquest bloqueig pot afectar el funcionament correcte de les diferents funcionalitats de la nostra p\u00e0gina web en el cas de les cookies t\u00e8cniques necess\u00e0ries.<\/p>\n<p>Finalment, indicar-te que, si actives cookies de tercers (empreses externes que presten serveis per a la nostra p\u00e0gina web) i posteriorment desitges desactivar-les, podr\u00e0s fer-ho de dues maneres: usant les eines de desactivaci\u00f3 de cookies del teu navegador oa trav\u00e9s dels propis sistemes habilitats per aquests prove\u00efdors externs.<\/p>\n<p>Perqu\u00e8 us sigui molt m\u00e9s f\u00e0cil, a continuaci\u00f3 us relacionem una s\u00e8rie d&#8217;enlla\u00e7os a les pautes de desactivaci\u00f3 de cookies dels navegadors d&#8217;\u00fas com\u00fa:<\/p>\n<ul>\n<li>Google Chrome<\/li>\n<li>Mozilla Firefox<\/li>\n<li>Internet Explorer<\/li>\n<li>Safari<\/li>\n<li>Safari per a IOS (iPhone i iPad)<\/li>\n<li>Google Chrome per a Android<\/li>\n<li>Google Chrome per a Iphone i Ipad<\/li>\n<\/ul>\n<p>Aix\u00ed mateix, et relacionem els enlla\u00e7os als sistemes propis habilitats per cadascun dels referits prove\u00efdors externs per a la desactivaci\u00f3 de les cookies.<\/p>\n<\/p>\n<ul>\n<li>Google: https:\/\/policies.google.com\/privacy<\/li>\n<\/ul>\n<p>Moltes gr\u00e0cies per la teva col\u00b7laboraci\u00f3<\/p>\n<\/div><\/div><\/div><\/div><\/div>\n","protected":false},"excerpt":{"rendered":"","protected":false},"author":3,"featured_media":0,"parent":0,"menu_order":200,"comment_status":"closed","ping_status":"closed","template":"100-width.php","meta":{"footnotes":""},"class_list":["post-2522","page","type-page","status-publish","hentry"],"yoast_head":"<!-- This site is optimized with the Yoast SEO plugin v27.4 - https:\/\/yoast.com\/product\/yoast-seo-wordpress\/ -->\n<title>Pol\u00edtica de cookies - Behaus<\/title>\n<meta name=\"robots\" content=\"index, follow, max-snippet:-1, max-image-preview:large, max-video-preview:-1\" \/>\n<link rel=\"canonical\" href=\"https:\/\/behaus.studio\/ca\/politica-de-cookies\/\" \/>\n<meta property=\"og:locale\" content=\"ca_ES\" \/>\n<meta property=\"og:type\" content=\"article\" \/>\n<meta property=\"og:title\" content=\"Pol\u00edtica de cookies - Behaus\" \/>\n<meta property=\"og:url\" content=\"https:\/\/behaus.studio\/ca\/politica-de-cookies\/\" \/>\n<meta property=\"og:site_name\" content=\"Behaus\" \/>\n<meta property=\"article:modified_time\" content=\"2023-06-22T12:56:09+00:00\" \/>\n<meta name=\"twitter:card\" content=\"summary_large_image\" \/>\n<meta name=\"twitter:label1\" content=\"Temps estimat de lectura\" \/>\n\t<meta name=\"twitter:data1\" content=\"2 minuts\" \/>\n<script type=\"application\/ld+json\" class=\"yoast-schema-graph\">{\"@context\":\"https:\\\/\\\/schema.org\",\"@graph\":[{\"@type\":\"WebPage\",\"@id\":\"https:\\\/\\\/behaus.studio\\\/ca\\\/politica-de-cookies\\\/\",\"url\":\"https:\\\/\\\/behaus.studio\\\/ca\\\/politica-de-cookies\\\/\",\"name\":\"Pol\u00edtica de cookies - Behaus\",\"isPartOf\":{\"@id\":\"https:\\\/\\\/behaus.studio\\\/ca\\\/#website\"},\"datePublished\":\"2023-04-27T14:26:20+00:00\",\"dateModified\":\"2023-06-22T12:56:09+00:00\",\"breadcrumb\":{\"@id\":\"https:\\\/\\\/behaus.studio\\\/ca\\\/politica-de-cookies\\\/#breadcrumb\"},\"inLanguage\":\"ca\",\"potentialAction\":[{\"@type\":\"ReadAction\",\"target\":[\"https:\\\/\\\/behaus.studio\\\/ca\\\/politica-de-cookies\\\/\"]}]},{\"@type\":\"BreadcrumbList\",\"@id\":\"https:\\\/\\\/behaus.studio\\\/ca\\\/politica-de-cookies\\\/#breadcrumb\",\"itemListElement\":[{\"@type\":\"ListItem\",\"position\":1,\"name\":\"Portada\",\"item\":\"https:\\\/\\\/behaus.studio\\\/ca\\\/\"},{\"@type\":\"ListItem\",\"position\":2,\"name\":\"Pol\u00edtica de cookies\"}]},{\"@type\":\"WebSite\",\"@id\":\"https:\\\/\\\/behaus.studio\\\/ca\\\/#website\",\"url\":\"https:\\\/\\\/behaus.studio\\\/ca\\\/\",\"name\":\"Behaus\",\"description\":\"Passivhaus Designer Girona\",\"publisher\":{\"@id\":\"https:\\\/\\\/behaus.studio\\\/ca\\\/#organization\"},\"potentialAction\":[{\"@type\":\"SearchAction\",\"target\":{\"@type\":\"EntryPoint\",\"urlTemplate\":\"https:\\\/\\\/behaus.studio\\\/ca\\\/?s={search_term_string}\"},\"query-input\":{\"@type\":\"PropertyValueSpecification\",\"valueRequired\":true,\"valueName\":\"search_term_string\"}}],\"inLanguage\":\"ca\"},{\"@type\":\"Organization\",\"@id\":\"https:\\\/\\\/behaus.studio\\\/ca\\\/#organization\",\"name\":\"Behaus\",\"url\":\"https:\\\/\\\/behaus.studio\\\/ca\\\/\",\"logo\":{\"@type\":\"ImageObject\",\"inLanguage\":\"ca\",\"@id\":\"https:\\\/\\\/behaus.studio\\\/ca\\\/#\\\/schema\\\/logo\\\/image\\\/\",\"url\":\"https:\\\/\\\/behaus.studio\\\/wp-content\\\/uploads\\\/2023\\\/10\\\/BEHAUS_FAVICON_negrecyan.png\",\"contentUrl\":\"https:\\\/\\\/behaus.studio\\\/wp-content\\\/uploads\\\/2023\\\/10\\\/BEHAUS_FAVICON_negrecyan.png\",\"width\":487,\"height\":431,\"caption\":\"Behaus\"},\"image\":{\"@id\":\"https:\\\/\\\/behaus.studio\\\/ca\\\/#\\\/schema\\\/logo\\\/image\\\/\"}}]}<\/script>\n<!-- \/ Yoast SEO plugin. -->","yoast_head_json":{"title":"Pol\u00edtica de cookies - Behaus","robots":{"index":"index","follow":"follow","max-snippet":"max-snippet:-1","max-image-preview":"max-image-preview:large","max-video-preview":"max-video-preview:-1"},"canonical":"https:\/\/behaus.studio\/ca\/politica-de-cookies\/","og_locale":"ca_ES","og_type":"article","og_title":"Pol\u00edtica de cookies - Behaus","og_url":"https:\/\/behaus.studio\/ca\/politica-de-cookies\/","og_site_name":"Behaus","article_modified_time":"2023-06-22T12:56:09+00:00","twitter_card":"summary_large_image","twitter_misc":{"Temps estimat de lectura":"2 minuts"},"schema":{"@context":"https:\/\/schema.org","@graph":[{"@type":"WebPage","@id":"https:\/\/behaus.studio\/ca\/politica-de-cookies\/","url":"https:\/\/behaus.studio\/ca\/politica-de-cookies\/","name":"Pol\u00edtica de cookies - Behaus","isPartOf":{"@id":"https:\/\/behaus.studio\/ca\/#website"},"datePublished":"2023-04-27T14:26:20+00:00","dateModified":"2023-06-22T12:56:09+00:00","breadcrumb":{"@id":"https:\/\/behaus.studio\/ca\/politica-de-cookies\/#breadcrumb"},"inLanguage":"ca","potentialAction":[{"@type":"ReadAction","target":["https:\/\/behaus.studio\/ca\/politica-de-cookies\/"]}]},{"@type":"BreadcrumbList","@id":"https:\/\/behaus.studio\/ca\/politica-de-cookies\/#breadcrumb","itemListElement":[{"@type":"ListItem","position":1,"name":"Portada","item":"https:\/\/behaus.studio\/ca\/"},{"@type":"ListItem","position":2,"name":"Pol\u00edtica de cookies"}]},{"@type":"WebSite","@id":"https:\/\/behaus.studio\/ca\/#website","url":"https:\/\/behaus.studio\/ca\/","name":"Behaus","description":"Passivhaus Designer Girona","publisher":{"@id":"https:\/\/behaus.studio\/ca\/#organization"},"potentialAction":[{"@type":"SearchAction","target":{"@type":"EntryPoint","urlTemplate":"https:\/\/behaus.studio\/ca\/?s={search_term_string}"},"query-input":{"@type":"PropertyValueSpecification","valueRequired":true,"valueName":"search_term_string"}}],"inLanguage":"ca"},{"@type":"Organization","@id":"https:\/\/behaus.studio\/ca\/#organization","name":"Behaus","url":"https:\/\/behaus.studio\/ca\/","logo":{"@type":"ImageObject","inLanguage":"ca","@id":"https:\/\/behaus.studio\/ca\/#\/schema\/logo\/image\/","url":"https:\/\/behaus.studio\/wp-content\/uploads\/2023\/10\/BEHAUS_FAVICON_negrecyan.png","contentUrl":"https:\/\/behaus.studio\/wp-content\/uploads\/2023\/10\/BEHAUS_FAVICON_negrecyan.png","width":487,"height":431,"caption":"Behaus"},"image":{"@id":"https:\/\/behaus.studio\/ca\/#\/schema\/logo\/image\/"}}]}},"_links":{"self":[{"href":"https:\/\/behaus.studio\/ca\/wp-json\/wp\/v2\/pages\/2522","targetHints":{"allow":["GET"]}}],"collection":[{"href":"https:\/\/behaus.studio\/ca\/wp-json\/wp\/v2\/pages"}],"about":[{"href":"https:\/\/behaus.studio\/ca\/wp-json\/wp\/v2\/types\/page"}],"author":[{"embeddable":true,"href":"https:\/\/behaus.studio\/ca\/wp-json\/wp\/v2\/users\/3"}],"replies":[{"embeddable":true,"href":"https:\/\/behaus.studio\/ca\/wp-json\/wp\/v2\/comments?post=2522"}],"version-history":[{"count":6,"href":"https:\/\/behaus.studio\/ca\/wp-json\/wp\/v2\/pages\/2522\/revisions"}],"predecessor-version":[{"id":3025,"href":"https:\/\/behaus.studio\/ca\/wp-json\/wp\/v2\/pages\/2522\/revisions\/3025"}],"wp:attachment":[{"href":"https:\/\/behaus.studio\/ca\/wp-json\/wp\/v2\/media?parent=2522"}],"curies":[{"name":"wp","href":"https:\/\/api.w.org\/{rel}","templated":true}]}}