{"id":2518,"date":"2023-04-27T14:25:16","date_gmt":"2023-04-27T14:25:16","guid":{"rendered":"https:\/\/behaus.studio\/?page_id=2518"},"modified":"2023-10-08T14:44:56","modified_gmt":"2023-10-08T14:44:56","slug":"nota-legal","status":"publish","type":"page","link":"https:\/\/behaus.studio\/ca\/nota-legal\/","title":{"rendered":"Nota legal"},"content":{"rendered":"<div class=\"fusion-fullwidth fullwidth-box fusion-builder-row-1 fusion-flex-container has-pattern-background has-mask-background nonhundred-percent-fullwidth non-hundred-percent-height-scrolling\" style=\"--awb-border-radius-top-left:0px;--awb-border-radius-top-right:0px;--awb-border-radius-bottom-right:0px;--awb-border-radius-bottom-left:0px;--awb-flex-wrap:wrap;\" ><div class=\"fusion-builder-row fusion-row fusion-flex-align-items-flex-start fusion-flex-content-wrap\" style=\"max-width:1248px;margin-left: calc(-4% \/ 2 );margin-right: calc(-4% \/ 2 );\"><div class=\"fusion-layout-column fusion_builder_column fusion-builder-column-0 fusion_builder_column_1_1 1_1 fusion-flex-column fusion-flex-align-self-center\" style=\"--awb-bg-size:contain;--awb-width-large:100%;--awb-margin-top-large:0px;--awb-spacing-right-large:1.92%;--awb-margin-bottom-large:20px;--awb-spacing-left-large:1.92%;--awb-width-medium:100%;--awb-order-medium:0;--awb-spacing-right-medium:1.92%;--awb-spacing-left-medium:1.92%;--awb-width-small:100%;--awb-order-small:0;--awb-spacing-right-small:1.92%;--awb-spacing-left-small:1.92%;\"><div class=\"fusion-column-wrapper fusion-column-has-shadow fusion-flex-justify-content-center fusion-content-layout-row fusion-flex-align-items-stretch\"><div class=\"fusion-text fusion-text-1\"><h1 data-fontsize=\"65\" data-lineheight=\"78px\" class=\"fusion-responsive-typography-calculated\" style=\"--fontSize: 65; line-height: 1.2;\">Av\u00eds legal<\/h1>\n<p>Denominaci\u00f3 Social: Laia Sol\u00e9 Lleal<\/p>\n<p>Nom Comercial: EHAUS arquitectura sana i eficient<\/p>\n<p>Domicili Social: Carrer Mestre Francesc Civil 8, 17005 Girona<\/p>\n<p>Tel\u00e8fon: (+34) 972 13 20 11<\/p>\n<p>E-Mail: hola@behaus.studio<\/p>\n<p>CIF \/ NIF: 40370455G<\/p>\n<p>Web: www.behaus.studio<\/p>\n<h4 data-fontsize=\"20\" data-lineheight=\"28px\" class=\"fusion-responsive-typography-calculated\" style=\"--fontSize: 20; line-height: 1.4; --minFontSize: 20;\">Objecte<\/h4>\n<p>El prestador, responsable del lloc web, posa a disposici\u00f3 dels usuaris aquest document amb qu\u00e8 pret\u00e9n donar compliment a les obligacions disposades a la Llei 34\/2002, de Serveis de la Societat de la Informaci\u00f3 i del Comer\u00e7 Electr\u00f2nic (LSSI-CE ), aix\u00ed com informar a tots els usuaris del lloc web respecte a quines s\u00f3n les condicions d\u00fas del lloc web.<\/p>\n<p>Tota persona que accedeixi a aquest lloc web assumeix el paper d&#8217;usuari, comprometent-se a l&#8217;observan\u00e7a i el compliment rigor\u00f3s de les disposicions aqu\u00ed disposades, aix\u00ed com a qualsevol altra disposici\u00f3 legal que fos aplicable.<\/p>\n<p>El prestador es reserva el dret a modificar qualsevol tipus d&#8217;informaci\u00f3 que pogu\u00e9s apar\u00e8ixer al lloc web, sense que hi hagi obligaci\u00f3 de preavisar o posar en coneixement dels usuaris aquestes obligacions, entenent-se com a suficient amb la publicaci\u00f3 al lloc web del prestador.<\/p>\n<h4 data-fontsize=\"20\" data-lineheight=\"28px\" class=\"fusion-responsive-typography-calculated\" style=\"--fontSize: 20; line-height: 1.4; --minFontSize: 20;\">Responsabilitat<\/h4>\n<p>El prestador s&#8217;eximeix de qualsevol tipus de responsabilitat derivada de la informaci\u00f3 publicada al vostre lloc web, sempre que aquesta informaci\u00f3 hagi estat manipulada o introdu\u00efda per un tercer ali\u00e8 al mateix.<\/p>\n<p>El lloc web del prestador pot utilitzar cookies (petits fitxers d&#8217;informaci\u00f3 que el servidor envia a l&#8217;ordinador de qui accedeix a la p\u00e0gina) per dur a terme determinades funcions que s\u00f3n considerades imprescindibles per al correcte funcionament i visualitzaci\u00f3 del lloc. Les galetes utilitzades al lloc web tenen, en tot cas, car\u00e0cter temporal amb l&#8217;\u00fanica finalitat de fer m\u00e9s efica\u00e7 la seva transmissi\u00f3 ulterior i desapareixen en acabar la sessi\u00f3 de l&#8217;usuari. En cap cas no s&#8217;utilitzaran les cookies per recollir informaci\u00f3 de car\u00e0cter personal.<\/p>\n<p>Des del lloc web del client \u00e9s possible que es redirigeixi a continguts de tercers llocs web. At\u00e8s que el prestador no pot controlar sempre els continguts introdu\u00efts pels tercers als seus llocs web, aquest no assumeix cap mena de responsabilitat respecte a aquests continguts. En tot cas, el prestador manifesta que procedir\u00e0 a la retirada immediata de qualsevol contingut que pogu\u00e9s contravenir la legislaci\u00f3 nacional o internacional, la moral o l&#8217;ordre p\u00fablic, procedint a la retirada immediata de la redirecci\u00f3 a aquest lloc web, posant en coneixement de les autoritats competents el contingut en q\u00fcesti\u00f3.<\/p>\n<p>El prestador no es fa responsable de la informaci\u00f3 i continguts emmagatzemats, a t\u00edtol enunciatiu per\u00f2 no limitatiu, en f\u00f2rums, xats, generadors de blocs, comentaris, xarxes socials o qualsevol altre mitj\u00e0 que permeti a tercers publicar continguts de forma independent a la p\u00e0gina web del prestador. No obstant aix\u00f2 i en compliment del que disposa l&#8217;art. 11 i 16 de la LSSI-CE, el prestador es posa a disposici\u00f3 de tots els usuaris, autoritats i forces de seguretat, i col\u00b7laborant de forma activa en la retirada o si \u00e9s el cas bloqueig de tots aquells continguts que poguessin afectar o contravenir la legislaci\u00f3 nacional, o internacional, drets de tercers o la moral i lordre p\u00fablic. En cas que l&#8217;usuari consideri que hi ha al lloc web algun contingut que pogu\u00e9s ser susceptible d&#8217;aquesta classificaci\u00f3, es prega que ho notifiqui de manera immediata a l&#8217;administrador del lloc web.<\/p>\n<p>Aquest lloc web ha estat revisat i provat perqu\u00e8 funcioni correctament. En principi, es pot garantir el funcionament correcte els 365 dies de l&#8217;any, 24 hores al dia. Tot i aix\u00f2, el prestador no descarta la possibilitat que hi hagi certs errors de programaci\u00f3, o que esdevinguin causes de for\u00e7a major, cat\u00e0strofes naturals, vagues, o circumst\u00e0ncies semblants que facin impossible l&#8217;acc\u00e9s a la p\u00e0gina web.<\/p>\n<h4 data-fontsize=\"20\" data-lineheight=\"28px\" class=\"fusion-responsive-typography-calculated\" style=\"--fontSize: 20; line-height: 1.4; --minFontSize: 20;\">Protecci\u00f3 de dades personals<\/h4>\n<p>El prestador est\u00e0 profundament comprom\u00e8s amb el compliment de la normativa espanyola de protecci\u00f3 de dades de car\u00e0cter personal, i garanteix el compliment \u00edntegre de les obligacions disposades, aix\u00ed com la implementaci\u00f3 de les mesures de seguretat disposades a l&#8217;art. 9 de la Llei 15\/1999, de Protecci\u00f3 de Dades de Car\u00e0cter Personal (LOPD) i al Reglament de Desenvolupament de la LOPD.<\/p>\n<p>El prestador posa a disposici\u00f3 dels usuaris la Pol\u00edtica de Privadesa de l&#8217;entitat informant els usuaris respecte als aspectes seg\u00fcents:<\/p>\n<p>Dades del Responsable del tractament.<br \/>\nDades tractades.<br \/>\nFitxer on s&#8217;emmagatzemen.<br \/>\nFinalitat del tractament.<br \/>\nObligatorietat o no de facilitar-los, aix\u00ed com les conseq\u00fc\u00e8ncies en cas de no facilitar-los.<br \/>\nSobre els drets que assisteixen tot usuari i el procediment per exercitar-los.<\/p>\n<\/p>\n<h4 data-fontsize=\"20\" data-lineheight=\"28px\" class=\"fusion-responsive-typography-calculated\" style=\"--fontSize: 20; line-height: 1.4; --minFontSize: 20;\">Propietat intel\u00b7lectual i industrial<\/h4>\n<p>El lloc web, incloent a t\u00edtol enunciatiu per\u00f2 no limitatiu la seva programaci\u00f3, edici\u00f3, compilaci\u00f3 i altres elements necessaris per al seu funcionament, els dissenys, logotips, text i\/o gr\u00e0fics s\u00f3n propietat del prestador o si escau disposa de llic\u00e8ncia o autoritzaci\u00f3 expressa per part dels autors. Tots els continguts del lloc web es troben degudament protegits per la normativa de propietat intel\u00b7lectual i industrial, aix\u00ed com inscrits als registres p\u00fablics corresponents.<\/p>\n<p>Independentment de la finalitat per a la qual fossin destinats, la reproducci\u00f3 total o parcial, \u00fas, explotaci\u00f3, distribuci\u00f3 i comercialitzaci\u00f3 requereix en tot cas l&#8217;autoritzaci\u00f3 escrita pr\u00e8via per part del prestador. Qualsevol \u00fas no autoritzat pr\u00e8viament per part del prestador ser\u00e0 considerat un incompliment greu dels drets de propietat intel\u00b7lectual o industrial de lautor.<\/p>\n<p>Els dissenys, logotips, text i\/o gr\u00e0fics aliens al prestador i que poguessin apar\u00e8ixer al lloc web, pertanyen als seus respectius propietaris, sent ells mateixos responsables de qualsevol possible controv\u00e8rsia que pogu\u00e9s suscitar-se respecte a aquests. En tot cas, el prestador compta amb lautoritzaci\u00f3 expressa i pr\u00e8via per part dels mateixos.<\/p>\n<p>El prestador reconeix a favor dels seus titulars els corresponents drets de propietat industrial i intel\u00b7lectual, i no implica la seva sola menci\u00f3 o aparici\u00f3 al lloc web l&#8217;exist\u00e8ncia de drets o responsabilitat alguna del prestador sobre aquests, com tampoc suport, patrocini o recomanaci\u00f3 per part del mateix.<\/p>\n<p>Per fer qualsevol tipus d&#8217;observaci\u00f3 respecte a possibles incompliments dels drets de propietat intel\u00b7lectual o industrial, aix\u00ed com sobre qualsevol dels continguts del lloc web, ho podeu fer a trav\u00e9s del seg\u00fcent correu electr\u00f2nic.<\/p>\n<\/p>\n<h4 data-fontsize=\"20\" data-lineheight=\"28px\" class=\"fusion-responsive-typography-calculated\" style=\"--fontSize: 20; line-height: 1.4; --minFontSize: 20;\">Llei aplicable i jurisdicci\u00f3<\/h4>\n<p>Per a la resoluci\u00f3 de totes les controv\u00e8rsies o q\u00fcestions relacionades amb el present lloc web o de les activitats que s&#8217;hi desenvolupin, ser\u00e0 aplicable la legislaci\u00f3 espanyola, a la qual se sotmeten expressament les parts, sent competents per a la resoluci\u00f3 de tots els conflictes derivats o relacionats amb el seu \u00fas els Jutjats i els Tribunals de Girona.<\/p>\n<\/div><\/div><\/div><\/div><\/div>\n","protected":false},"excerpt":{"rendered":"","protected":false},"author":3,"featured_media":0,"parent":0,"menu_order":100,"comment_status":"closed","ping_status":"closed","template":"100-width.php","meta":{"footnotes":""},"class_list":["post-2518","page","type-page","status-publish","hentry"],"yoast_head":"<!-- This site is optimized with the Yoast SEO plugin v27.3 - https:\/\/yoast.com\/product\/yoast-seo-wordpress\/ -->\n<title>Nota legal - Behaus<\/title>\n<meta name=\"robots\" content=\"index, follow, max-snippet:-1, max-image-preview:large, max-video-preview:-1\" \/>\n<link rel=\"canonical\" href=\"https:\/\/behaus.studio\/ca\/nota-legal\/\" \/>\n<meta property=\"og:locale\" content=\"ca_ES\" \/>\n<meta property=\"og:type\" content=\"article\" \/>\n<meta property=\"og:title\" content=\"Nota legal - Behaus\" \/>\n<meta property=\"og:url\" content=\"https:\/\/behaus.studio\/ca\/nota-legal\/\" \/>\n<meta property=\"og:site_name\" content=\"Behaus\" \/>\n<meta property=\"article:modified_time\" content=\"2023-10-08T14:44:56+00:00\" \/>\n<meta name=\"twitter:card\" content=\"summary_large_image\" \/>\n<meta name=\"twitter:label1\" content=\"Temps estimat de lectura\" \/>\n\t<meta name=\"twitter:data1\" content=\"5 minuts\" \/>\n<script type=\"application\/ld+json\" class=\"yoast-schema-graph\">{\"@context\":\"https:\\\/\\\/schema.org\",\"@graph\":[{\"@type\":\"WebPage\",\"@id\":\"https:\\\/\\\/behaus.studio\\\/ca\\\/nota-legal\\\/\",\"url\":\"https:\\\/\\\/behaus.studio\\\/ca\\\/nota-legal\\\/\",\"name\":\"Nota legal - Behaus\",\"isPartOf\":{\"@id\":\"https:\\\/\\\/behaus.studio\\\/ca\\\/#website\"},\"datePublished\":\"2023-04-27T14:25:16+00:00\",\"dateModified\":\"2023-10-08T14:44:56+00:00\",\"breadcrumb\":{\"@id\":\"https:\\\/\\\/behaus.studio\\\/ca\\\/nota-legal\\\/#breadcrumb\"},\"inLanguage\":\"ca\",\"potentialAction\":[{\"@type\":\"ReadAction\",\"target\":[\"https:\\\/\\\/behaus.studio\\\/ca\\\/nota-legal\\\/\"]}]},{\"@type\":\"BreadcrumbList\",\"@id\":\"https:\\\/\\\/behaus.studio\\\/ca\\\/nota-legal\\\/#breadcrumb\",\"itemListElement\":[{\"@type\":\"ListItem\",\"position\":1,\"name\":\"Portada\",\"item\":\"https:\\\/\\\/behaus.studio\\\/ca\\\/\"},{\"@type\":\"ListItem\",\"position\":2,\"name\":\"Nota legal\"}]},{\"@type\":\"WebSite\",\"@id\":\"https:\\\/\\\/behaus.studio\\\/ca\\\/#website\",\"url\":\"https:\\\/\\\/behaus.studio\\\/ca\\\/\",\"name\":\"Behaus\",\"description\":\"Passivhaus Designer Girona\",\"publisher\":{\"@id\":\"https:\\\/\\\/behaus.studio\\\/ca\\\/#organization\"},\"potentialAction\":[{\"@type\":\"SearchAction\",\"target\":{\"@type\":\"EntryPoint\",\"urlTemplate\":\"https:\\\/\\\/behaus.studio\\\/ca\\\/?s={search_term_string}\"},\"query-input\":{\"@type\":\"PropertyValueSpecification\",\"valueRequired\":true,\"valueName\":\"search_term_string\"}}],\"inLanguage\":\"ca\"},{\"@type\":\"Organization\",\"@id\":\"https:\\\/\\\/behaus.studio\\\/ca\\\/#organization\",\"name\":\"Behaus\",\"url\":\"https:\\\/\\\/behaus.studio\\\/ca\\\/\",\"logo\":{\"@type\":\"ImageObject\",\"inLanguage\":\"ca\",\"@id\":\"https:\\\/\\\/behaus.studio\\\/ca\\\/#\\\/schema\\\/logo\\\/image\\\/\",\"url\":\"https:\\\/\\\/behaus.studio\\\/wp-content\\\/uploads\\\/2023\\\/10\\\/BEHAUS_FAVICON_negrecyan.png\",\"contentUrl\":\"https:\\\/\\\/behaus.studio\\\/wp-content\\\/uploads\\\/2023\\\/10\\\/BEHAUS_FAVICON_negrecyan.png\",\"width\":487,\"height\":431,\"caption\":\"Behaus\"},\"image\":{\"@id\":\"https:\\\/\\\/behaus.studio\\\/ca\\\/#\\\/schema\\\/logo\\\/image\\\/\"}}]}<\/script>\n<!-- \/ Yoast SEO plugin. -->","yoast_head_json":{"title":"Nota legal - Behaus","robots":{"index":"index","follow":"follow","max-snippet":"max-snippet:-1","max-image-preview":"max-image-preview:large","max-video-preview":"max-video-preview:-1"},"canonical":"https:\/\/behaus.studio\/ca\/nota-legal\/","og_locale":"ca_ES","og_type":"article","og_title":"Nota legal - Behaus","og_url":"https:\/\/behaus.studio\/ca\/nota-legal\/","og_site_name":"Behaus","article_modified_time":"2023-10-08T14:44:56+00:00","twitter_card":"summary_large_image","twitter_misc":{"Temps estimat de lectura":"5 minuts"},"schema":{"@context":"https:\/\/schema.org","@graph":[{"@type":"WebPage","@id":"https:\/\/behaus.studio\/ca\/nota-legal\/","url":"https:\/\/behaus.studio\/ca\/nota-legal\/","name":"Nota legal - Behaus","isPartOf":{"@id":"https:\/\/behaus.studio\/ca\/#website"},"datePublished":"2023-04-27T14:25:16+00:00","dateModified":"2023-10-08T14:44:56+00:00","breadcrumb":{"@id":"https:\/\/behaus.studio\/ca\/nota-legal\/#breadcrumb"},"inLanguage":"ca","potentialAction":[{"@type":"ReadAction","target":["https:\/\/behaus.studio\/ca\/nota-legal\/"]}]},{"@type":"BreadcrumbList","@id":"https:\/\/behaus.studio\/ca\/nota-legal\/#breadcrumb","itemListElement":[{"@type":"ListItem","position":1,"name":"Portada","item":"https:\/\/behaus.studio\/ca\/"},{"@type":"ListItem","position":2,"name":"Nota legal"}]},{"@type":"WebSite","@id":"https:\/\/behaus.studio\/ca\/#website","url":"https:\/\/behaus.studio\/ca\/","name":"Behaus","description":"Passivhaus Designer Girona","publisher":{"@id":"https:\/\/behaus.studio\/ca\/#organization"},"potentialAction":[{"@type":"SearchAction","target":{"@type":"EntryPoint","urlTemplate":"https:\/\/behaus.studio\/ca\/?s={search_term_string}"},"query-input":{"@type":"PropertyValueSpecification","valueRequired":true,"valueName":"search_term_string"}}],"inLanguage":"ca"},{"@type":"Organization","@id":"https:\/\/behaus.studio\/ca\/#organization","name":"Behaus","url":"https:\/\/behaus.studio\/ca\/","logo":{"@type":"ImageObject","inLanguage":"ca","@id":"https:\/\/behaus.studio\/ca\/#\/schema\/logo\/image\/","url":"https:\/\/behaus.studio\/wp-content\/uploads\/2023\/10\/BEHAUS_FAVICON_negrecyan.png","contentUrl":"https:\/\/behaus.studio\/wp-content\/uploads\/2023\/10\/BEHAUS_FAVICON_negrecyan.png","width":487,"height":431,"caption":"Behaus"},"image":{"@id":"https:\/\/behaus.studio\/ca\/#\/schema\/logo\/image\/"}}]}},"_links":{"self":[{"href":"https:\/\/behaus.studio\/ca\/wp-json\/wp\/v2\/pages\/2518","targetHints":{"allow":["GET"]}}],"collection":[{"href":"https:\/\/behaus.studio\/ca\/wp-json\/wp\/v2\/pages"}],"about":[{"href":"https:\/\/behaus.studio\/ca\/wp-json\/wp\/v2\/types\/page"}],"author":[{"embeddable":true,"href":"https:\/\/behaus.studio\/ca\/wp-json\/wp\/v2\/users\/3"}],"replies":[{"embeddable":true,"href":"https:\/\/behaus.studio\/ca\/wp-json\/wp\/v2\/comments?post=2518"}],"version-history":[{"count":5,"href":"https:\/\/behaus.studio\/ca\/wp-json\/wp\/v2\/pages\/2518\/revisions"}],"predecessor-version":[{"id":4122,"href":"https:\/\/behaus.studio\/ca\/wp-json\/wp\/v2\/pages\/2518\/revisions\/4122"}],"wp:attachment":[{"href":"https:\/\/behaus.studio\/ca\/wp-json\/wp\/v2\/media?parent=2518"}],"curies":[{"name":"wp","href":"https:\/\/api.w.org\/{rel}","templated":true}]}}